{"id":4199,"date":"2026-03-19T13:09:52","date_gmt":"2026-03-19T12:09:52","guid":{"rendered":"https:\/\/periodismoagroalimentario.com\/pruebas\/?page_id=4199"},"modified":"2026-03-19T13:11:08","modified_gmt":"2026-03-19T12:11:08","slug":"politica-de-cookies","status":"publish","type":"page","link":"https:\/\/periodismoagroalimentario.com\/pruebas\/politica-de-cookies\/","title":{"rendered":"Pol\u00edtica de cookies"},"content":{"rendered":"\t\t<div data-elementor-type=\"wp-page\" data-elementor-id=\"4199\" class=\"elementor elementor-4199\" data-elementor-post-type=\"page\">\n\t\t\t\t<div class=\"elementor-element elementor-element-724f3f59 e-flex e-con-boxed e-con e-parent\" data-id=\"724f3f59\" data-element_type=\"container\" data-e-type=\"container\">\n\t\t\t\t\t<div class=\"e-con-inner\">\n\t\t\t\t<div class=\"elementor-element elementor-element-a2c7580 elementor-widget elementor-widget-spacer\" data-id=\"a2c7580\" data-element_type=\"widget\" data-e-type=\"widget\" data-widget_type=\"spacer.default\">\n\t\t\t\t<div class=\"elementor-widget-container\">\n\t\t\t\t\t\t\t<div class=\"elementor-spacer\">\n\t\t\t<div class=\"elementor-spacer-inner\"><\/div>\n\t\t<\/div>\n\t\t\t\t\t\t<\/div>\n\t\t\t\t<\/div>\n\t\t\t\t<div class=\"elementor-element elementor-element-fc9df3f elementor-widget elementor-widget-heading\" data-id=\"fc9df3f\" data-element_type=\"widget\" data-e-type=\"widget\" data-widget_type=\"heading.default\">\n\t\t\t\t<div class=\"elementor-widget-container\">\n\t\t\t\t\t<h2 class=\"elementor-heading-title elementor-size-default\">Pol\u00edtica de cookies<\/h2>\t\t\t\t<\/div>\n\t\t\t\t<\/div>\n\t\t\t\t<div class=\"elementor-element elementor-element-185e750 elementor-widget elementor-widget-text-editor\" data-id=\"185e750\" data-element_type=\"widget\" data-e-type=\"widget\" data-widget_type=\"text-editor.default\">\n\t\t\t\t<div class=\"elementor-widget-container\">\n\t\t\t\t\t\t\t\t\t<div class=\"row\"><div class=\"col-xl-10 mx-auto\"><div class=\"paper\"><header class=\"text-center\"><\/header><div><h4><b>DEFINICI\u00d3N Y FUNCI\u00d3N DE LAS COOKIES<\/b><\/h4><p>Una cookie es un fichero que se descarga en su ordenador al acceder a determinadas p\u00e1ginas web. Las cookies permiten a una p\u00e1gina web, entre otras cosas, almacenar y recuperar informaci\u00f3n sobre los h\u00e1bitos de navegaci\u00f3n de un usuario o de su equipo y, dependiendo de la informaci\u00f3n que contengan y de la forma en que utilice su equipo, pueden utilizarse para reconocer al usuario.<\/p><p>Este sitio web, al igual que la mayor\u00eda de los sitios en Internet, utiliza cookies para mejorar y optimizar la experiencia del usuario. A continuaci\u00f3n encontrar\u00e1 informaci\u00f3n detallada sobre la tipolog\u00eda de cookies que utiliza este sitio web, sobre c\u00f3mo puede desactivarlas en su navegador y de c\u00f3mo bloquear espec\u00edficamente la instalaci\u00f3n de cookies de terceros. Si no encuentra la informaci\u00f3n espec\u00edfica que usted est\u00e1 buscando, por favor env\u00ede un correo a <a href=\"mailto:peagro@periodismoagroalimentario.com\">peagro@periodismoagroalimentario.com<\/a>.<\/p><h4><b>TIPOS DE COOKIES<\/b><\/h4><ol><li>Seg\u00fan la <b>entidad<\/b> que las gestione, hay <b>Cookies propias<\/b> (aqu\u00e9llas que se env\u00edan al equipo terminal del usuario desde un equipo o dominio gestionado por el propio editor y desde el que se presta el servicio Solicitado por el usuario) y <b>de terceros<\/b> (las que se env\u00edan al equipo terminal del usuario desde un equipo o dominio que no es gestionado por el editor, sino por otra entidad que trata los datos obtenidos trav\u00e9s de las cookies).<\/li><li>Seg\u00fan el <b>tiempo<\/b> que permanecen activas, existen las de <b>sesi\u00f3n<\/b> (dise\u00f1adas para recabar y almacenar datos mientras el usuario accede a una p\u00e1gina web) y las <b>persistentes<\/b> (en las que los datos se almacenan en el terminal y pueden ser accedidos y tratados durante un periodo definido por el responsable de la cookie -puede ir de unos minutos a varios a\u00f1os-).<\/li><li>Seg\u00fan la <b>finalidad<\/b> para la que traten la informaci\u00f3n que recopilan, pueden ser:<ol><li><b>Cookies t\u00e9cnicas<\/b> (necesarias para el uso de la web y la prestaci\u00f3n del servicio contratado).<\/li><li><b>Cookies de personalizaci\u00f3n<\/b> (que permiten al usuario acceder al servicio con caracter\u00edsticas predefinidas, como por ejemplo el idioma, tipo de navegador, configuraci\u00f3n regional, etc.).<\/li><li><b>Cookies de an\u00e1lisis<\/b> (recogen informaci\u00f3n el uso que se realiza de la web).<\/li><li><b>Cookies publicitarias<\/b> (recogen informaci\u00f3n sobre las preferencias y elecciones personales de los usuarios).<\/li><li><b>Cookies de afiliados<\/b> (permiten realizar un seguimiento de las visitas procedentes de otras webs, con las que el sitio web establece un contrato de afiliaci\u00f3n).<\/li><\/ol><\/li><\/ol><p>Seg\u00fan la directiva de la UE, las cookies que requieren el consentimiento informado por parte del usuario son las cookies de anal\u00edtica y las de publicidad y afiliaci\u00f3n, quedando exceptuadas las de car\u00e1cter t\u00e9cnico y las necesarias para el funcionamiento del sitio web o la prestaci\u00f3n de servicios expresamente demandados por el usuario.<\/p><h4><b>COOKIES UTILIZADAS EN ESTE SITIO WEB<\/b><\/h4><table style=\"border-collapse: collapse; width: 100%; height: 430px;\"><tbody><tr><td style=\"width: 20%;\"><strong>Nombre<\/strong><\/td><td style=\"width: 20%;\"><strong>Propietario<\/strong><\/td><td style=\"width: 10%;\"><strong>Tipolog\u00eda seg\u00fan el propietario<\/strong><\/td><td style=\"width: 10%;\"><strong>Tipolog\u00eda seg\u00fan la finalidad<\/strong><\/td><td style=\"width: 1.24224%;\"><strong>Caducidad<\/strong><\/td><td style=\"width: 38.7578%;\"><strong>Finalidad<\/strong><\/td><\/tr><tr style=\"height: 106px;\"><td style=\"width: 20%; height: 106px;\">_gat<\/td><td style=\"width: 20%; height: 106px;\">Google Analytics<\/td><td style=\"width: 10%; height: 106px;\">Cookies de terceros<\/td><td style=\"width: 10%; height: 106px;\">Cookies de an\u00e1lisis<\/td><td style=\"width: 1.24224%; height: 106px;\">1 hora<\/td><td style=\"width: 38.7578%; height: 106px;\">Cookie de Google Analytics. Registra el tr\u00e1fico web. S\u00f3lo se recogen datos an\u00f3nimos.<\/td><\/tr><tr style=\"height: 106px;\"><td style=\"width: 20%; height: 106px;\">_ga<\/td><td style=\"width: 20%; height: 106px;\">Google Analytics<\/td><td style=\"width: 10%; height: 106px;\">Cookies de terceros<\/td><td style=\"width: 10%; height: 106px;\">Cookies de an\u00e1lisis<\/td><td style=\"width: 1.24224%; height: 106px;\">1 d\u00eda<\/td><td style=\"width: 38.7578%; height: 106px;\">Cookie de Google Analytics. Registra el tr\u00e1fico web. S\u00f3lo se recogen datos an\u00f3nimos.<\/td><\/tr><tr style=\"height: 106px;\"><td style=\"width: 20%; height: 106px;\">_gid<\/td><td style=\"width: 20%; height: 106px;\">Google Analytics<\/td><td style=\"width: 10%; height: 106px;\">Cookies de terceros<\/td><td style=\"width: 10%; height: 106px;\">Cookies de an\u00e1lisis<\/td><td style=\"width: 1.24224%; height: 106px;\">1 a\u00f1o<\/td><td style=\"width: 38.7578%; height: 106px;\">Cookie de Google Analytics. Registra el tr\u00e1fico web. S\u00f3lo se recogen datos an\u00f3nimos.<\/td><\/tr><tr style=\"height: 76px;\"><td style=\"width: 20%; height: 76px;\">moove_gdpr_popup<\/td><td style=\"width: 20%; height: 76px;\">Periodismo Agroalimentario<\/td><td style=\"width: 10%; height: 76px;\">Cookies propias<\/td><td style=\"width: 10%; height: 76px;\">Estrictamente necesarias<\/td><td style=\"width: 1.24224%; height: 76px;\">1 a\u00f1o<\/td><td style=\"width: 38.7578%; height: 76px;\">Cookie que recuerda los ajustes elegidos en el panel de control de cookies.<\/td><\/tr><\/tbody><\/table><p><a href=\"http:\/\/periodismoagroalimentario.com\/pruebas\/politica-de-privacidad-y-cookies\/#moove_gdpr_cookie_modal\"><button>Ajustes de cookies<\/button><\/a><\/p><p>En el anterior panel de configuraci\u00f3n se describen las distintas categor\u00edas de cookies utilizadas en este sitio web seg\u00fan su finalidad y fecha de caducidad. Adem\u00e1s, haciendo clic en el bot\u00f3n \u201cAjustes de cookies\u201d, el usuario puede configurarlas seg\u00fan sus preferencias.<\/p><p>El uso de cookies nos permite facilitar la navegaci\u00f3n del usuario y adaptar la informaci\u00f3n y los servicios que ofrecemos a sus intereses. Las cookies se usan tanto de modo permanente como temporal (cookies de sesi\u00f3n). Las cookies permanentes se almacenan en su ordenador o dispositivo m\u00f3vil durante un periodo de tiempo no superior a 24 meses.<\/p><p>Al acceder a nuestra web se le informa de que si sigue navegando se le instalar\u00e1n diversas cookies de terceros consintiendo as\u00ed la instalaci\u00f3n de determinadas cookies que tendr\u00e1n como \u00fanica finalidad la de registrar el acceso a nuestro sitio web para la realizaci\u00f3n de estad\u00edsticas an\u00f3nimas sobre las visitas, recopilando informaci\u00f3n siempre de forma an\u00f3nima. No es necesario que acepte la instalaci\u00f3n de estas cookies, podr\u00e1 navegar igualmente por toda nuestra web.<\/p><h4><b>QU\u00c9 OCURRE SI SE DESHABILITAN LAS COOKIES<\/b><\/h4><p>En todo momento podr\u00e1 acceder a la configuraci\u00f3n de su navegador para modificar y\/o bloquear la instalaci\u00f3n de las cookies, pero ello puede implicar que algunas funcionalidades queden deshabilitadas y que pueda verse limitado el acceso a algunos contenidos. La calidad del funcionamiento de los servicios puede verse afectada.<\/p><h4><b>FORMA DE DESACTIVAR O ELIMINAR LAS COOKIES<\/b><\/h4><p>Para permitir, conocer, bloquear o eliminar las cookies instaladas en su equipo, puede hacerlo mediante la configuraci\u00f3n de las opciones del navegador instalado en su ordenador.<\/p><p>Puede encontrar informaci\u00f3n de c\u00f3mo hacerlo en el caso que utilice uno de los siguientes navegadores:<\/p><p>Internet Explorer:<a href=\"https:\/\/privacy.microsoft.com\/es-es\/privacystatement\"> https:\/\/privacy.microsoft.com\/es-es\/privacystatement<\/a><\/p><p>Safari:<a href=\"https:\/\/www.apple.com\/legal\/privacy\/es\/cookies\/\"> https:\/\/www.apple.com\/legal\/privacy\/es\/cookies\/<\/a><a href=\"https:\/\/support.apple.com\/es-es\/HT201265\"> https:\/\/support.apple.com\/es-es\/HT201265<\/a><\/p><p>Google Chrome:<a href=\"https:\/\/support.google.com\/chrome\/answer\/95647?hl=es&amp;hlrm=en\"> https:\/\/support.google.com\/chrome\/answer\/95647?hl=es&amp;hlrm=en<\/a><\/p><p>Google:<a href=\"https:\/\/www.google.com\/intl\/es\/policies\/privacy\/\"> https:\/\/www.google.com\/intl\/es\/policies\/privacy\/<\/a><\/p><p>Firefox:<a href=\"http:\/\/support.mozilla.org\/es\/kb\/Borrar%20cookies\"> http:\/\/support.mozilla.org\/es\/kb\/Borrar%20cookies<\/a><\/p><p>Opera:<a href=\"http:\/\/help.opera.com\/Windows\/11.50\/es-ES\/cookies.html\"> http:\/\/help.opera.com\/Windows\/11.50\/es-ES\/cookies.html<\/a><\/p><p>Android (Google):<a href=\"https:\/\/www.google.com\/intl\/es\/policies\/privacy\/\"> https:\/\/www.google.com\/intl\/es\/policies\/privacy\/<\/a><\/p><p>Windows Phone (Microsoft):<a href=\"https:\/\/privacy.microsoft.com\/es-es\/privacystatement\"> https:\/\/privacy.microsoft.com\/es-es\/privacystatement<\/a><\/p><p>Blackberry:<a href=\"http:\/\/global.blackberry.com\/es\/legal\/privacy-policy.html\"> http:\/\/global.blackberry.com\/es\/legal\/privacy-policy.html<\/a><\/p><p>El usuario tambi\u00e9n puede eliminar f\u00e1cilmente las cookies de su dispositivo m\u00f3vil mediante los ajustes de su navegador.<\/p><p>Existen herramientas disponibles online que permiten a los usuarios detectar las cookies en cada sitio web que visitan y gestionar su desactivaci\u00f3n.<\/p><h4><b>ACTUALIZACI\u00d3N DE NUESTRA POL\u00cdTICA DE COOKIES<\/b><\/h4><p>Es posible que actualicemos la Pol\u00edtica de Cookies de nuestro sitio web, por ello le recomendamos revisar esta pol\u00edtica cada vez que acceda a nuestro sitio web con el objetivo de estar adecuadamente informado sobre c\u00f3mo y para qu\u00e9 usamos las cookies. Tenga en cuenta que los navegadores pueden tambi\u00e9n cambiar sus pol\u00edticas y la ubicaci\u00f3n de la informaci\u00f3n.<\/p><p>La Pol\u00edtica de Cookies se actualiz\u00f3 por \u00faltima vez a fecha 1 de octubre de 2019.<\/p><\/div><\/div><\/div><\/div>\t\t\t\t\t\t\t\t<\/div>\n\t\t\t\t<\/div>\n\t\t\t\t\t<\/div>\n\t\t\t\t<\/div>\n\t\t\t\t<\/div>\n\t\t","protected":false},"excerpt":{"rendered":"<p>Pol\u00edtica de cookies DEFINICI\u00d3N Y FUNCI\u00d3N DE LAS COOKIES Una cookie es un fichero que se descarga en su ordenador al acceder a determinadas p\u00e1ginas web. Las cookies permiten a una p\u00e1gina web, entre otras cosas, almacenar y recuperar informaci\u00f3n sobre los h\u00e1bitos de navegaci\u00f3n de un usuario o de su equipo y, dependiendo de [&hellip;]<\/p>\n","protected":false},"author":6,"featured_media":0,"parent":0,"menu_order":0,"comment_status":"closed","ping_status":"closed","template":"","meta":{"_uag_custom_page_level_css":"","site-sidebar-layout":"default","site-content-layout":"default","ast-site-content-layout":"default","site-content-style":"default","site-sidebar-style":"default","ast-global-header-display":"","ast-banner-title-visibility":"","ast-main-header-display":"","ast-hfb-above-header-display":"","ast-hfb-below-header-display":"","ast-hfb-mobile-header-display":"","site-post-title":"disabled","ast-breadcrumbs-content":"","ast-featured-img":"","footer-sml-layout":"","theme-transparent-header-meta":"","adv-header-id-meta":"","stick-header-meta":"","header-above-stick-meta":"","header-main-stick-meta":"","header-below-stick-meta":"","astra-migrate-meta-layouts":"default","ast-page-background-enabled":"default","ast-page-background-meta":{"desktop":{"background-color":"var(--ast-global-color-4)","background-image":"","background-repeat":"repeat","background-position":"center center","background-size":"auto","background-attachment":"scroll","background-type":"","background-media":"","overlay-type":"","overlay-color":"","overlay-opacity":"","overlay-gradient":""},"tablet":{"background-color":"","background-image":"","background-repeat":"repeat","background-position":"center center","background-size":"auto","background-attachment":"scroll","background-type":"","background-media":"","overlay-type":"","overlay-color":"","overlay-opacity":"","overlay-gradient":""},"mobile":{"background-color":"","background-image":"","background-repeat":"repeat","background-position":"center center","background-size":"auto","background-attachment":"scroll","background-type":"","background-media":"","overlay-type":"","overlay-color":"","overlay-opacity":"","overlay-gradient":""}},"ast-content-background-meta":{"desktop":{"background-color":"var(--ast-global-color-5)","background-image":"","background-repeat":"repeat","background-position":"center center","background-size":"auto","background-attachment":"scroll","background-type":"","background-media":"","overlay-type":"","overlay-color":"","overlay-opacity":"","overlay-gradient":""},"tablet":{"background-color":"var(--ast-global-color-5)","background-image":"","background-repeat":"repeat","background-position":"center center","background-size":"auto","background-attachment":"scroll","background-type":"","background-media":"","overlay-type":"","overlay-color":"","overlay-opacity":"","overlay-gradient":""},"mobile":{"background-color":"var(--ast-global-color-5)","background-image":"","background-repeat":"repeat","background-position":"center center","background-size":"auto","background-attachment":"scroll","background-type":"","background-media":"","overlay-type":"","overlay-color":"","overlay-opacity":"","overlay-gradient":""}},"footnotes":""},"class_list":["post-4199","page","type-page","status-publish","hentry"],"yoast_head":"<!-- This site is optimized with the Yoast SEO plugin v19.7.1 - https:\/\/yoast.com\/wordpress\/plugins\/seo\/ -->\n<title>Pol\u00edtica de cookies | Periodismo Agroalimentario<\/title>\n<meta name=\"robots\" content=\"index, follow, max-snippet:-1, max-image-preview:large, max-video-preview:-1\" \/>\n<link rel=\"canonical\" href=\"https:\/\/periodismoagroalimentario.com\/pruebas\/politica-de-cookies\/\" \/>\n<meta property=\"og:locale\" content=\"es_ES\" \/>\n<meta property=\"og:type\" content=\"article\" \/>\n<meta property=\"og:title\" content=\"Pol\u00edtica de cookies | Periodismo Agroalimentario\" \/>\n<meta property=\"og:description\" content=\"Pol\u00edtica de cookies DEFINICI\u00d3N Y FUNCI\u00d3N DE LAS COOKIES Una cookie es un fichero que se descarga en su ordenador al acceder a determinadas p\u00e1ginas web. Las cookies permiten a una p\u00e1gina web, entre otras cosas, almacenar y recuperar informaci\u00f3n sobre los h\u00e1bitos de navegaci\u00f3n de un usuario o de su equipo y, dependiendo de [&hellip;]\" \/>\n<meta property=\"og:url\" content=\"https:\/\/periodismoagroalimentario.com\/pruebas\/politica-de-cookies\/\" \/>\n<meta property=\"og:site_name\" content=\"Periodismo Agroalimentario\" \/>\n<meta property=\"article:modified_time\" content=\"2026-03-19T12:11:08+00:00\" \/>\n<meta name=\"twitter:label1\" content=\"Tiempo de lectura\" \/>\n\t<meta name=\"twitter:data1\" content=\"5 minutos\" \/>\n<script type=\"application\/ld+json\" class=\"yoast-schema-graph\">{\"@context\":\"https:\/\/schema.org\",\"@graph\":[{\"@type\":\"WebPage\",\"@id\":\"https:\/\/periodismoagroalimentario.com\/pruebas\/politica-de-cookies\/\",\"url\":\"https:\/\/periodismoagroalimentario.com\/pruebas\/politica-de-cookies\/\",\"name\":\"Pol\u00edtica de cookies | Periodismo Agroalimentario\",\"isPartOf\":{\"@id\":\"https:\/\/periodismoagroalimentario.com\/pruebas\/#website\"},\"datePublished\":\"2026-03-19T12:09:52+00:00\",\"dateModified\":\"2026-03-19T12:11:08+00:00\",\"breadcrumb\":{\"@id\":\"https:\/\/periodismoagroalimentario.com\/pruebas\/politica-de-cookies\/#breadcrumb\"},\"inLanguage\":\"es\",\"potentialAction\":[{\"@type\":\"ReadAction\",\"target\":[\"https:\/\/periodismoagroalimentario.com\/pruebas\/politica-de-cookies\/\"]}]},{\"@type\":\"BreadcrumbList\",\"@id\":\"https:\/\/periodismoagroalimentario.com\/pruebas\/politica-de-cookies\/#breadcrumb\",\"itemListElement\":[{\"@type\":\"ListItem\",\"position\":1,\"name\":\"Pol\u00edtica de cookies\"}]},{\"@type\":\"WebSite\",\"@id\":\"https:\/\/periodismoagroalimentario.com\/pruebas\/#website\",\"url\":\"https:\/\/periodismoagroalimentario.com\/pruebas\/\",\"name\":\"Periodismo Agroalimentario\",\"description\":\"Periodismo Agroalimentario es un blog de informaci\u00f3n pero sobre todo de reflexi\u00f3n sobre periodismo y comunicaci\u00f3n en el \u00e1mbito agroalimentario.\",\"publisher\":{\"@id\":\"https:\/\/periodismoagroalimentario.com\/pruebas\/#\/schema\/person\/7c29aa6c3e7283954a55de87e1049453\"},\"potentialAction\":[{\"@type\":\"SearchAction\",\"target\":{\"@type\":\"EntryPoint\",\"urlTemplate\":\"https:\/\/periodismoagroalimentario.com\/pruebas\/?s={search_term_string}\"},\"query-input\":\"required name=search_term_string\"}],\"inLanguage\":\"es\"},{\"@type\":[\"Person\",\"Organization\"],\"@id\":\"https:\/\/periodismoagroalimentario.com\/pruebas\/#\/schema\/person\/7c29aa6c3e7283954a55de87e1049453\",\"name\":\"Miguel \u00c1ngel Mainar Jaime\",\"image\":{\"@type\":\"ImageObject\",\"inLanguage\":\"es\",\"@id\":\"https:\/\/periodismoagroalimentario.com\/pruebas\/#\/schema\/person\/image\/\",\"url\":\"https:\/\/periodismoagroalimentario.com\/pruebas\/wp-content\/uploads\/2026\/03\/Peagro-horizontal_verde.svg\",\"contentUrl\":\"https:\/\/periodismoagroalimentario.com\/pruebas\/wp-content\/uploads\/2026\/03\/Peagro-horizontal_verde.svg\",\"width\":854,\"height\":258,\"caption\":\"Miguel \u00c1ngel Mainar Jaime\"},\"logo\":{\"@id\":\"https:\/\/periodismoagroalimentario.com\/pruebas\/#\/schema\/person\/image\/\"},\"sameAs\":[\"http:\/\/periodismoagroalimentario.com\/pruebas\",\"https:\/\/twitter.com\/PEAGRO\"]}]}<\/script>\n<!-- \/ Yoast SEO plugin. -->","yoast_head_json":{"title":"Pol\u00edtica de cookies | Periodismo Agroalimentario","robots":{"index":"index","follow":"follow","max-snippet":"max-snippet:-1","max-image-preview":"max-image-preview:large","max-video-preview":"max-video-preview:-1"},"canonical":"https:\/\/periodismoagroalimentario.com\/pruebas\/politica-de-cookies\/","og_locale":"es_ES","og_type":"article","og_title":"Pol\u00edtica de cookies | Periodismo Agroalimentario","og_description":"Pol\u00edtica de cookies DEFINICI\u00d3N Y FUNCI\u00d3N DE LAS COOKIES Una cookie es un fichero que se descarga en su ordenador al acceder a determinadas p\u00e1ginas web. Las cookies permiten a una p\u00e1gina web, entre otras cosas, almacenar y recuperar informaci\u00f3n sobre los h\u00e1bitos de navegaci\u00f3n de un usuario o de su equipo y, dependiendo de [&hellip;]","og_url":"https:\/\/periodismoagroalimentario.com\/pruebas\/politica-de-cookies\/","og_site_name":"Periodismo Agroalimentario","article_modified_time":"2026-03-19T12:11:08+00:00","twitter_misc":{"Tiempo de lectura":"5 minutos"},"schema":{"@context":"https:\/\/schema.org","@graph":[{"@type":"WebPage","@id":"https:\/\/periodismoagroalimentario.com\/pruebas\/politica-de-cookies\/","url":"https:\/\/periodismoagroalimentario.com\/pruebas\/politica-de-cookies\/","name":"Pol\u00edtica de cookies | Periodismo Agroalimentario","isPartOf":{"@id":"https:\/\/periodismoagroalimentario.com\/pruebas\/#website"},"datePublished":"2026-03-19T12:09:52+00:00","dateModified":"2026-03-19T12:11:08+00:00","breadcrumb":{"@id":"https:\/\/periodismoagroalimentario.com\/pruebas\/politica-de-cookies\/#breadcrumb"},"inLanguage":"es","potentialAction":[{"@type":"ReadAction","target":["https:\/\/periodismoagroalimentario.com\/pruebas\/politica-de-cookies\/"]}]},{"@type":"BreadcrumbList","@id":"https:\/\/periodismoagroalimentario.com\/pruebas\/politica-de-cookies\/#breadcrumb","itemListElement":[{"@type":"ListItem","position":1,"name":"Pol\u00edtica de cookies"}]},{"@type":"WebSite","@id":"https:\/\/periodismoagroalimentario.com\/pruebas\/#website","url":"https:\/\/periodismoagroalimentario.com\/pruebas\/","name":"Periodismo Agroalimentario","description":"Periodismo Agroalimentario es un blog de informaci\u00f3n pero sobre todo de reflexi\u00f3n sobre periodismo y comunicaci\u00f3n en el \u00e1mbito agroalimentario.","publisher":{"@id":"https:\/\/periodismoagroalimentario.com\/pruebas\/#\/schema\/person\/7c29aa6c3e7283954a55de87e1049453"},"potentialAction":[{"@type":"SearchAction","target":{"@type":"EntryPoint","urlTemplate":"https:\/\/periodismoagroalimentario.com\/pruebas\/?s={search_term_string}"},"query-input":"required name=search_term_string"}],"inLanguage":"es"},{"@type":["Person","Organization"],"@id":"https:\/\/periodismoagroalimentario.com\/pruebas\/#\/schema\/person\/7c29aa6c3e7283954a55de87e1049453","name":"Miguel \u00c1ngel Mainar Jaime","image":{"@type":"ImageObject","inLanguage":"es","@id":"https:\/\/periodismoagroalimentario.com\/pruebas\/#\/schema\/person\/image\/","url":"https:\/\/periodismoagroalimentario.com\/pruebas\/wp-content\/uploads\/2026\/03\/Peagro-horizontal_verde.svg","contentUrl":"https:\/\/periodismoagroalimentario.com\/pruebas\/wp-content\/uploads\/2026\/03\/Peagro-horizontal_verde.svg","width":854,"height":258,"caption":"Miguel \u00c1ngel Mainar Jaime"},"logo":{"@id":"https:\/\/periodismoagroalimentario.com\/pruebas\/#\/schema\/person\/image\/"},"sameAs":["http:\/\/periodismoagroalimentario.com\/pruebas","https:\/\/twitter.com\/PEAGRO"]}]}},"uagb_featured_image_src":{"full":false,"thumbnail":false,"medium":false,"medium_large":false,"large":false,"1536x1536":false,"2048x2048":false,"woocommerce_thumbnail":false,"woocommerce_single":false,"woocommerce_gallery_thumbnail":false},"uagb_author_info":{"display_name":"Mique","author_link":"https:\/\/periodismoagroalimentario.com\/pruebas\/author\/mique\/"},"uagb_comment_info":0,"uagb_excerpt":"Pol\u00edtica de cookies DEFINICI\u00d3N Y FUNCI\u00d3N DE LAS COOKIES Una cookie es un fichero que se descarga en su ordenador al acceder a determinadas p\u00e1ginas web. Las cookies permiten a una p\u00e1gina web, entre otras cosas, almacenar y recuperar informaci\u00f3n sobre los h\u00e1bitos de navegaci\u00f3n de un usuario o de su equipo y, dependiendo de&hellip;","_links":{"self":[{"href":"https:\/\/periodismoagroalimentario.com\/pruebas\/wp-json\/wp\/v2\/pages\/4199","targetHints":{"allow":["GET"]}}],"collection":[{"href":"https:\/\/periodismoagroalimentario.com\/pruebas\/wp-json\/wp\/v2\/pages"}],"about":[{"href":"https:\/\/periodismoagroalimentario.com\/pruebas\/wp-json\/wp\/v2\/types\/page"}],"author":[{"embeddable":true,"href":"https:\/\/periodismoagroalimentario.com\/pruebas\/wp-json\/wp\/v2\/users\/6"}],"replies":[{"embeddable":true,"href":"https:\/\/periodismoagroalimentario.com\/pruebas\/wp-json\/wp\/v2\/comments?post=4199"}],"version-history":[{"count":4,"href":"https:\/\/periodismoagroalimentario.com\/pruebas\/wp-json\/wp\/v2\/pages\/4199\/revisions"}],"predecessor-version":[{"id":4203,"href":"https:\/\/periodismoagroalimentario.com\/pruebas\/wp-json\/wp\/v2\/pages\/4199\/revisions\/4203"}],"wp:attachment":[{"href":"https:\/\/periodismoagroalimentario.com\/pruebas\/wp-json\/wp\/v2\/media?parent=4199"}],"curies":[{"name":"wp","href":"https:\/\/api.w.org\/{rel}","templated":true}]}}