{"id":4584,"date":"2026-04-07T14:13:54","date_gmt":"2026-04-07T12:13:54","guid":{"rendered":"https:\/\/periodismoagroalimentario.com\/pruebas\/?page_id=4584"},"modified":"2026-04-07T14:54:22","modified_gmt":"2026-04-07T12:54:22","slug":"la-mora","status":"publish","type":"page","link":"https:\/\/periodismoagroalimentario.com\/pruebas\/la-mora\/","title":{"rendered":"Solicita La Mora"},"content":{"rendered":"\t\t<div data-elementor-type=\"wp-page\" data-elementor-id=\"4584\" class=\"elementor elementor-4584\" data-elementor-post-type=\"page\">\n\t\t\t\t\t\t<section class=\"elementor-section elementor-top-section elementor-element elementor-element-8325490 elementor-section-height-min-height elementor-section-boxed elementor-section-height-default elementor-section-items-middle\" data-id=\"8325490\" data-element_type=\"section\" data-e-type=\"section\" data-settings=\"{&quot;background_background&quot;:&quot;classic&quot;}\">\n\t\t\t\t\t\t\t<div class=\"elementor-background-overlay\"><\/div>\n\t\t\t\t\t\t\t<div class=\"elementor-container elementor-column-gap-default\">\n\t\t\t\t\t<div class=\"elementor-column elementor-col-100 elementor-top-column elementor-element elementor-element-d3a79f0\" data-id=\"d3a79f0\" data-element_type=\"column\" data-e-type=\"column\">\n\t\t\t<div class=\"elementor-widget-wrap elementor-element-populated\">\n\t\t\t\t\t\t<div class=\"elementor-element elementor-element-a22047e elementor-widget elementor-widget-heading\" data-id=\"a22047e\" data-element_type=\"widget\" data-e-type=\"widget\" data-widget_type=\"heading.default\">\n\t\t\t\t<div class=\"elementor-widget-container\">\n\t\t\t\t\t<span class=\"elementor-heading-title elementor-size-default\">Solicita tu ejemplar<\/span>\t\t\t\t<\/div>\n\t\t\t\t<\/div>\n\t\t\t\t<div class=\"elementor-element elementor-element-5fb4325 elementor-widget elementor-widget-heading\" data-id=\"5fb4325\" data-element_type=\"widget\" data-e-type=\"widget\" data-widget_type=\"heading.default\">\n\t\t\t\t<div class=\"elementor-widget-container\">\n\t\t\t\t\t<h1 class=\"elementor-heading-title elementor-size-default\">La Mora<\/h1>\t\t\t\t<\/div>\n\t\t\t\t<\/div>\n\t\t\t\t\t<\/div>\n\t\t<\/div>\n\t\t\t\t\t<\/div>\n\t\t<\/section>\n\t\t\t\t<section class=\"elementor-section elementor-top-section elementor-element elementor-element-0e43d66 elementor-section-boxed elementor-section-height-default elementor-section-height-default\" data-id=\"0e43d66\" data-element_type=\"section\" data-e-type=\"section\" id=\"que\" data-settings=\"{&quot;background_background&quot;:&quot;classic&quot;}\">\n\t\t\t\t\t\t<div class=\"elementor-container elementor-column-gap-default\">\n\t\t\t\t\t<div class=\"elementor-column elementor-col-100 elementor-top-column elementor-element elementor-element-c467db3\" data-id=\"c467db3\" data-element_type=\"column\" data-e-type=\"column\">\n\t\t\t<div class=\"elementor-widget-wrap elementor-element-populated\">\n\t\t\t\t<div class=\"elementor-element elementor-element-382e2b6 e-con-full e-flex e-con e-child\" data-id=\"382e2b6\" data-element_type=\"container\" data-e-type=\"container\">\n\t\t\t\t<div class=\"elementor-element elementor-element-2b0c90b elementor-widget elementor-widget-heading\" data-id=\"2b0c90b\" data-element_type=\"widget\" data-e-type=\"widget\" data-widget_type=\"heading.default\">\n\t\t\t\t<div class=\"elementor-widget-container\">\n\t\t\t\t\t<span class=\"elementor-heading-title elementor-size-default\">El libro de mIGUEL \u00c1ngel mAINAR<\/span>\t\t\t\t<\/div>\n\t\t\t\t<\/div>\n\t\t\t\t<div class=\"elementor-element elementor-element-488d04b elementor-widget elementor-widget-heading\" data-id=\"488d04b\" data-element_type=\"widget\" data-e-type=\"widget\" data-widget_type=\"heading.default\">\n\t\t\t\t<div class=\"elementor-widget-container\">\n\t\t\t\t\t<h2 class=\"elementor-heading-title elementor-size-default\">Solicita tu ejemplar<\/h2>\t\t\t\t<\/div>\n\t\t\t\t<\/div>\n\t\t\t\t<div class=\"elementor-element elementor-element-5a7de87 elementor-button-align-end elementor-widget elementor-widget-form\" data-id=\"5a7de87\" data-element_type=\"widget\" data-e-type=\"widget\" data-settings=\"{&quot;step_next_label&quot;:&quot;Siguiente&quot;,&quot;step_previous_label&quot;:&quot;Anterior&quot;,&quot;button_width&quot;:&quot;100&quot;,&quot;step_type&quot;:&quot;number_text&quot;,&quot;step_icon_shape&quot;:&quot;circle&quot;}\" data-widget_type=\"form.default\">\n\t\t\t\t<div class=\"elementor-widget-container\">\n\t\t\t\t\t\t\t<form class=\"elementor-form\" method=\"post\" name=\"Libro La Mora\" aria-label=\"Libro La Mora\">\n\t\t\t<input type=\"hidden\" name=\"post_id\" value=\"4584\"\/>\n\t\t\t<input type=\"hidden\" name=\"form_id\" value=\"5a7de87\"\/>\n\t\t\t<input type=\"hidden\" name=\"referer_title\" value=\"Periodismo Agroalimentario\" \/>\n\n\t\t\t\n\t\t\t<div class=\"elementor-form-fields-wrapper elementor-labels-\">\n\t\t\t\t\t\t\t\t<div class=\"elementor-field-type-text elementor-field-group elementor-column elementor-field-group-field_868a567 elementor-col-100 elementor-field-required\">\n\t\t\t\t\t\t\t\t\t\t\t\t<label for=\"form-field-field_868a567\" class=\"elementor-field-label elementor-screen-only\">\n\t\t\t\t\t\t\t\tNombre\t\t\t\t\t\t\t<\/label>\n\t\t\t\t\t\t\t\t\t\t\t\t\t\t<input size=\"1\" type=\"text\" name=\"form_fields[field_868a567]\" id=\"form-field-field_868a567\" class=\"elementor-field elementor-size-sm  elementor-field-textual\" placeholder=\"Nombre y apellidos\" required=\"required\">\n\t\t\t\t\t\t\t\t\t\t\t<\/div>\n\t\t\t\t\t\t\t\t<div class=\"elementor-field-type-email elementor-field-group elementor-column elementor-field-group-field_1 elementor-col-100 elementor-field-required\">\n\t\t\t\t\t\t\t\t\t\t\t\t<label for=\"form-field-field_1\" class=\"elementor-field-label elementor-screen-only\">\n\t\t\t\t\t\t\t\tEmail\t\t\t\t\t\t\t<\/label>\n\t\t\t\t\t\t\t\t\t\t\t\t\t\t<input size=\"1\" type=\"email\" name=\"form_fields[field_1]\" id=\"form-field-field_1\" class=\"elementor-field elementor-size-sm  elementor-field-textual\" placeholder=\"Email\" required=\"required\">\n\t\t\t\t\t\t\t\t\t\t\t<\/div>\n\t\t\t\t\t\t\t\t<div class=\"elementor-field-type-tel elementor-field-group elementor-column elementor-field-group-field_ab44278 elementor-col-100 elementor-field-required\">\n\t\t\t\t\t\t\t\t\t\t\t\t<label for=\"form-field-field_ab44278\" class=\"elementor-field-label elementor-screen-only\">\n\t\t\t\t\t\t\t\tTel\u00e9fono\t\t\t\t\t\t\t<\/label>\n\t\t\t\t\t\t\t\t<input size=\"1\" type=\"tel\" name=\"form_fields[field_ab44278]\" id=\"form-field-field_ab44278\" class=\"elementor-field elementor-size-sm  elementor-field-textual\" placeholder=\"Tel\u00e9fono\" required=\"required\" pattern=\"[0-9()#&amp;+*-=.]+\" title=\"Solo se aceptan n\u00fameros y caracteres de tel\u00e9fono (#,-,*,etc).\">\n\n\t\t\t\t\t\t<\/div>\n\t\t\t\t\t\t\t\t<div class=\"elementor-field-group elementor-column elementor-field-type-submit elementor-col-100 e-form__buttons\">\n\t\t\t\t\t<button class=\"elementor-button elementor-size-sm\" type=\"submit\">\n\t\t\t\t\t\t<span class=\"elementor-button-content-wrapper\">\n\t\t\t\t\t\t\t\t\t\t\t\t\t\t\t\t\t\t\t\t\t\t<span class=\"elementor-button-text\">Solicitar La Mora<\/span>\n\t\t\t\t\t\t\t\t\t\t\t\t\t<\/span>\n\t\t\t\t\t<\/button>\n\t\t\t\t<\/div>\n\t\t\t<\/div>\n\t\t<\/form>\n\t\t\t\t\t\t<\/div>\n\t\t\t\t<\/div>\n\t\t\t\t<\/div>\n\t\t\t\t\t<\/div>\n\t\t<\/div>\n\t\t\t\t\t<\/div>\n\t\t<\/section>\n\t\t\t\t<section class=\"elementor-section elementor-top-section elementor-element elementor-element-42296e3 elementor-section-boxed elementor-section-height-default elementor-section-height-default\" data-id=\"42296e3\" data-element_type=\"section\" data-e-type=\"section\" data-settings=\"{&quot;background_background&quot;:&quot;classic&quot;}\">\n\t\t\t\t\t\t<div class=\"elementor-container elementor-column-gap-default\">\n\t\t\t\t\t<div class=\"elementor-column elementor-col-50 elementor-top-column elementor-element elementor-element-a0eca31\" data-id=\"a0eca31\" data-element_type=\"column\" data-e-type=\"column\">\n\t\t\t<div class=\"elementor-widget-wrap elementor-element-populated\">\n\t\t\t\t\t\t<div class=\"elementor-element elementor-element-38639fb elementor-widget elementor-widget-heading\" data-id=\"38639fb\" data-element_type=\"widget\" data-e-type=\"widget\" data-widget_type=\"heading.default\">\n\t\t\t\t<div class=\"elementor-widget-container\">\n\t\t\t\t\t<span class=\"elementor-heading-title elementor-size-default\">LA MORA. UNA FUENTE, MUCHAS VIDAS<\/span>\t\t\t\t<\/div>\n\t\t\t\t<\/div>\n\t\t\t\t<div class=\"elementor-element elementor-element-dcf9a88 elementor-widget__width-initial elementor-widget elementor-widget-text-editor\" data-id=\"dcf9a88\" data-element_type=\"widget\" data-e-type=\"widget\" data-widget_type=\"text-editor.default\">\n\t\t\t\t<div class=\"elementor-widget-container\">\n\t\t\t\t\t\t\t\t\t<p><span style=\"font-weight: 400;\">\u00bfTienen algo en com\u00fan el agua y el vino? M\u00e1s de lo que parece, como se puede comprobar en la Fuente de la Mora, de la que un d\u00eda al a\u00f1o mana vino en vez de agua. No te pierdas la historia de esta fuente, pero, sobre todo, las historias -verdaderas y de ficci\u00f3n-\u00a0 de quienes viven alrededor de ella. De un pueblo agrario cuya identidad ha sido modelada por el agua y el vino.<\/span><\/p>\t\t\t\t\t\t\t\t<\/div>\n\t\t\t\t<\/div>\n\t\t\t\t<div class=\"elementor-element elementor-element-e43a1a0 elementor-widget__width-initial elementor-widget elementor-widget-text-editor\" data-id=\"e43a1a0\" data-element_type=\"widget\" data-e-type=\"widget\" data-widget_type=\"text-editor.default\">\n\t\t\t\t<div class=\"elementor-widget-container\">\n\t\t\t\t\t\t\t\t\t<p><em>Ed. Ayuntamiento Cari\u00f1ena, 2010. R\u00fastica, 22,5 x 22 cm, 100 p\u00e1ginas.<\/em><\/p>\t\t\t\t\t\t\t\t<\/div>\n\t\t\t\t<\/div>\n\t\t\t\t\t<\/div>\n\t\t<\/div>\n\t\t\t\t<div class=\"elementor-column elementor-col-50 elementor-top-column elementor-element elementor-element-4d97dee elementor-invisible\" data-id=\"4d97dee\" data-element_type=\"column\" data-e-type=\"column\" data-settings=\"{&quot;animation&quot;:&quot;fadeInRight&quot;}\">\n\t\t\t<div class=\"elementor-widget-wrap\">\n\t\t\t\t\t\t\t<\/div>\n\t\t<\/div>\n\t\t\t\t\t<\/div>\n\t\t<\/section>\n\t\t<div class=\"elementor-element elementor-element-b3f8c48 e-flex e-con-boxed e-con e-parent\" data-id=\"b3f8c48\" data-element_type=\"container\" data-e-type=\"container\">\n\t\t\t\t\t<div class=\"e-con-inner\">\n\t\t\t\t<div class=\"elementor-element elementor-element-cec450d elementor-arrows-position-outside elementor-pagination-position-outside elementor-widget elementor-widget-image-carousel\" data-id=\"cec450d\" data-element_type=\"widget\" data-e-type=\"widget\" data-settings=\"{&quot;slides_to_show&quot;:&quot;1&quot;,&quot;navigation&quot;:&quot;both&quot;,&quot;autoplay&quot;:&quot;yes&quot;,&quot;pause_on_hover&quot;:&quot;yes&quot;,&quot;pause_on_interaction&quot;:&quot;yes&quot;,&quot;autoplay_speed&quot;:5000,&quot;infinite&quot;:&quot;yes&quot;,&quot;effect&quot;:&quot;slide&quot;,&quot;speed&quot;:500}\" data-widget_type=\"image-carousel.default\">\n\t\t\t\t<div class=\"elementor-widget-container\">\n\t\t\t\t\t\t\t<div class=\"elementor-image-carousel-wrapper swiper\" role=\"region\" aria-roledescription=\"carousel\" aria-label=\"Carrusel de im\u00e1genes\" dir=\"ltr\">\n\t\t\t<div class=\"elementor-image-carousel swiper-wrapper\" aria-live=\"off\">\n\t\t\t\t\t\t\t\t<div class=\"swiper-slide\" role=\"group\" aria-roledescription=\"slide\" aria-label=\"1 de 6\"><figure class=\"swiper-slide-inner\"><img decoding=\"async\" class=\"swiper-slide-image\" src=\"https:\/\/periodismoagroalimentario.com\/pruebas\/wp-content\/uploads\/2026\/03\/diseno-editorial-la-mora-portada.webp\" alt=\"diseno-editorial-la-mora-portada\" \/><\/figure><\/div><div class=\"swiper-slide\" role=\"group\" aria-roledescription=\"slide\" aria-label=\"2 de 6\"><figure class=\"swiper-slide-inner\"><img decoding=\"async\" class=\"swiper-slide-image\" src=\"https:\/\/periodismoagroalimentario.com\/pruebas\/wp-content\/uploads\/2026\/03\/diseno-editorial-la-mora-interior-05.webp\" alt=\"diseno-editorial-la-mora-interior-05\" \/><\/figure><\/div><div class=\"swiper-slide\" role=\"group\" aria-roledescription=\"slide\" aria-label=\"3 de 6\"><figure class=\"swiper-slide-inner\"><img decoding=\"async\" class=\"swiper-slide-image\" src=\"https:\/\/periodismoagroalimentario.com\/pruebas\/wp-content\/uploads\/2026\/03\/diseno-editorial-la-mora-interior-03.webp\" alt=\"diseno-editorial-la-mora-interior-03\" \/><\/figure><\/div><div class=\"swiper-slide\" role=\"group\" aria-roledescription=\"slide\" aria-label=\"4 de 6\"><figure class=\"swiper-slide-inner\"><img decoding=\"async\" class=\"swiper-slide-image\" src=\"https:\/\/periodismoagroalimentario.com\/pruebas\/wp-content\/uploads\/2026\/03\/diseno-editorial-la-mora-interior-02.webp\" alt=\"diseno-editorial-la-mora-interior-02\" \/><\/figure><\/div><div class=\"swiper-slide\" role=\"group\" aria-roledescription=\"slide\" aria-label=\"5 de 6\"><figure class=\"swiper-slide-inner\"><img decoding=\"async\" class=\"swiper-slide-image\" src=\"https:\/\/periodismoagroalimentario.com\/pruebas\/wp-content\/uploads\/2026\/03\/diseno-editorial-la-mora-interior-04.webp\" alt=\"diseno-editorial-la-mora-interior-04\" \/><\/figure><\/div><div class=\"swiper-slide\" role=\"group\" aria-roledescription=\"slide\" aria-label=\"6 de 6\"><figure class=\"swiper-slide-inner\"><img decoding=\"async\" class=\"swiper-slide-image\" src=\"https:\/\/periodismoagroalimentario.com\/pruebas\/wp-content\/uploads\/2026\/03\/diseno-editorial-la-mora-interior-01.webp\" alt=\"diseno-editorial-la-mora-interior-01\" \/><\/figure><\/div>\t\t\t<\/div>\n\t\t\t\t\t\t\t\t\t\t\t\t<div class=\"elementor-swiper-button elementor-swiper-button-prev\" role=\"button\" tabindex=\"0\">\n\t\t\t\t\t\t<i aria-hidden=\"true\" class=\"eicon-chevron-left\"><\/i>\t\t\t\t\t<\/div>\n\t\t\t\t\t<div class=\"elementor-swiper-button elementor-swiper-button-next\" role=\"button\" tabindex=\"0\">\n\t\t\t\t\t\t<i aria-hidden=\"true\" class=\"eicon-chevron-right\"><\/i>\t\t\t\t\t<\/div>\n\t\t\t\t\n\t\t\t\t\t\t\t\t\t<div class=\"swiper-pagination\"><\/div>\n\t\t\t\t\t\t\t\t\t<\/div>\n\t\t\t\t\t\t<\/div>\n\t\t\t\t<\/div>\n\t\t\t\t\t<\/div>\n\t\t\t\t<\/div>\n\t\t\t\t<\/div>\n\t\t","protected":false},"excerpt":{"rendered":"<p>Solicita tu ejemplar La Mora El libro de mIGUEL \u00c1ngel mAINAR Solicita tu ejemplar LA MORA. UNA FUENTE, MUCHAS VIDAS \u00bfTienen algo en com\u00fan el agua y el vino? M\u00e1s de lo que parece, como se puede comprobar en la Fuente de la Mora, de la que un d\u00eda al a\u00f1o mana vino en vez [&hellip;]<\/p>\n","protected":false},"author":6,"featured_media":0,"parent":0,"menu_order":0,"comment_status":"closed","ping_status":"closed","template":"elementor_header_footer","meta":{"_uag_custom_page_level_css":"","site-sidebar-layout":"no-sidebar","site-content-layout":"page-builder","ast-site-content-layout":"full-width-container","site-content-style":"default","site-sidebar-style":"default","ast-global-header-display":"","ast-banner-title-visibility":"","ast-main-header-display":"","ast-hfb-above-header-display":"","ast-hfb-below-header-display":"","ast-hfb-mobile-header-display":"","site-post-title":"","ast-breadcrumbs-content":"","ast-featured-img":"disabled","footer-sml-layout":"","theme-transparent-header-meta":"default","adv-header-id-meta":"","stick-header-meta":"","header-above-stick-meta":"","header-main-stick-meta":"","header-below-stick-meta":"","astra-migrate-meta-layouts":"set","ast-page-background-enabled":"default","ast-page-background-meta":{"desktop":{"background-color":"var(--ast-global-color-4)","background-image":"","background-repeat":"repeat","background-position":"center center","background-size":"auto","background-attachment":"scroll","background-type":"","background-media":"","overlay-type":"","overlay-color":"","overlay-opacity":"","overlay-gradient":""},"tablet":{"background-color":"","background-image":"","background-repeat":"repeat","background-position":"center center","background-size":"auto","background-attachment":"scroll","background-type":"","background-media":"","overlay-type":"","overlay-color":"","overlay-opacity":"","overlay-gradient":""},"mobile":{"background-color":"","background-image":"","background-repeat":"repeat","background-position":"center center","background-size":"auto","background-attachment":"scroll","background-type":"","background-media":"","overlay-type":"","overlay-color":"","overlay-opacity":"","overlay-gradient":""}},"ast-content-background-meta":{"desktop":{"background-color":"var(--ast-global-color-5)","background-image":"","background-repeat":"repeat","background-position":"center center","background-size":"auto","background-attachment":"scroll","background-type":"","background-media":"","overlay-type":"","overlay-color":"","overlay-opacity":"","overlay-gradient":""},"tablet":{"background-color":"var(--ast-global-color-5)","background-image":"","background-repeat":"repeat","background-position":"center center","background-size":"auto","background-attachment":"scroll","background-type":"","background-media":"","overlay-type":"","overlay-color":"","overlay-opacity":"","overlay-gradient":""},"mobile":{"background-color":"var(--ast-global-color-5)","background-image":"","background-repeat":"repeat","background-position":"center center","background-size":"auto","background-attachment":"scroll","background-type":"","background-media":"","overlay-type":"","overlay-color":"","overlay-opacity":"","overlay-gradient":""}},"footnotes":""},"class_list":["post-4584","page","type-page","status-publish","hentry"],"yoast_head":"<!-- This site is optimized with the Yoast SEO plugin v19.7.1 - https:\/\/yoast.com\/wordpress\/plugins\/seo\/ -->\n<title>Solicita La Mora | Periodismo Agroalimentario<\/title>\n<meta name=\"robots\" content=\"index, follow, max-snippet:-1, max-image-preview:large, max-video-preview:-1\" \/>\n<link rel=\"canonical\" href=\"https:\/\/periodismoagroalimentario.com\/pruebas\/la-mora\/\" \/>\n<meta property=\"og:locale\" content=\"es_ES\" \/>\n<meta property=\"og:type\" content=\"article\" \/>\n<meta property=\"og:title\" content=\"Solicita La Mora | Periodismo Agroalimentario\" \/>\n<meta property=\"og:description\" content=\"Solicita tu ejemplar La Mora El libro de mIGUEL \u00c1ngel mAINAR Solicita tu ejemplar LA MORA. UNA FUENTE, MUCHAS VIDAS \u00bfTienen algo en com\u00fan el agua y el vino? M\u00e1s de lo que parece, como se puede comprobar en la Fuente de la Mora, de la que un d\u00eda al a\u00f1o mana vino en vez [&hellip;]\" \/>\n<meta property=\"og:url\" content=\"https:\/\/periodismoagroalimentario.com\/pruebas\/la-mora\/\" \/>\n<meta property=\"og:site_name\" content=\"Periodismo Agroalimentario\" \/>\n<meta property=\"article:modified_time\" content=\"2026-04-07T12:54:22+00:00\" \/>\n<meta property=\"og:image\" content=\"http:\/\/periodismoagroalimentario.com\/pruebas\/wp-content\/uploads\/2026\/03\/diseno-editorial-la-mora-portada.webp\" \/>\n<meta name=\"twitter:label1\" content=\"Tiempo de lectura\" \/>\n\t<meta name=\"twitter:data1\" content=\"3 minutos\" \/>\n<script type=\"application\/ld+json\" class=\"yoast-schema-graph\">{\"@context\":\"https:\/\/schema.org\",\"@graph\":[{\"@type\":\"WebPage\",\"@id\":\"https:\/\/periodismoagroalimentario.com\/pruebas\/la-mora\/\",\"url\":\"https:\/\/periodismoagroalimentario.com\/pruebas\/la-mora\/\",\"name\":\"Solicita La Mora | Periodismo Agroalimentario\",\"isPartOf\":{\"@id\":\"https:\/\/periodismoagroalimentario.com\/pruebas\/#website\"},\"datePublished\":\"2026-04-07T12:13:54+00:00\",\"dateModified\":\"2026-04-07T12:54:22+00:00\",\"breadcrumb\":{\"@id\":\"https:\/\/periodismoagroalimentario.com\/pruebas\/la-mora\/#breadcrumb\"},\"inLanguage\":\"es\",\"potentialAction\":[{\"@type\":\"ReadAction\",\"target\":[\"https:\/\/periodismoagroalimentario.com\/pruebas\/la-mora\/\"]}]},{\"@type\":\"BreadcrumbList\",\"@id\":\"https:\/\/periodismoagroalimentario.com\/pruebas\/la-mora\/#breadcrumb\",\"itemListElement\":[{\"@type\":\"ListItem\",\"position\":1,\"name\":\"Solicita La Mora\"}]},{\"@type\":\"WebSite\",\"@id\":\"https:\/\/periodismoagroalimentario.com\/pruebas\/#website\",\"url\":\"https:\/\/periodismoagroalimentario.com\/pruebas\/\",\"name\":\"Periodismo Agroalimentario\",\"description\":\"Periodismo Agroalimentario es un blog de informaci\u00f3n pero sobre todo de reflexi\u00f3n sobre periodismo y comunicaci\u00f3n en el \u00e1mbito agroalimentario.\",\"publisher\":{\"@id\":\"https:\/\/periodismoagroalimentario.com\/pruebas\/#\/schema\/person\/7c29aa6c3e7283954a55de87e1049453\"},\"potentialAction\":[{\"@type\":\"SearchAction\",\"target\":{\"@type\":\"EntryPoint\",\"urlTemplate\":\"https:\/\/periodismoagroalimentario.com\/pruebas\/?s={search_term_string}\"},\"query-input\":\"required name=search_term_string\"}],\"inLanguage\":\"es\"},{\"@type\":[\"Person\",\"Organization\"],\"@id\":\"https:\/\/periodismoagroalimentario.com\/pruebas\/#\/schema\/person\/7c29aa6c3e7283954a55de87e1049453\",\"name\":\"Miguel \u00c1ngel Mainar Jaime\",\"image\":{\"@type\":\"ImageObject\",\"inLanguage\":\"es\",\"@id\":\"https:\/\/periodismoagroalimentario.com\/pruebas\/#\/schema\/person\/image\/\",\"url\":\"https:\/\/periodismoagroalimentario.com\/pruebas\/wp-content\/uploads\/2026\/03\/Peagro-horizontal_verde.svg\",\"contentUrl\":\"https:\/\/periodismoagroalimentario.com\/pruebas\/wp-content\/uploads\/2026\/03\/Peagro-horizontal_verde.svg\",\"width\":854,\"height\":258,\"caption\":\"Miguel \u00c1ngel Mainar Jaime\"},\"logo\":{\"@id\":\"https:\/\/periodismoagroalimentario.com\/pruebas\/#\/schema\/person\/image\/\"},\"sameAs\":[\"http:\/\/periodismoagroalimentario.com\/pruebas\",\"https:\/\/twitter.com\/PEAGRO\"]}]}<\/script>\n<!-- \/ Yoast SEO plugin. -->","yoast_head_json":{"title":"Solicita La Mora | Periodismo Agroalimentario","robots":{"index":"index","follow":"follow","max-snippet":"max-snippet:-1","max-image-preview":"max-image-preview:large","max-video-preview":"max-video-preview:-1"},"canonical":"https:\/\/periodismoagroalimentario.com\/pruebas\/la-mora\/","og_locale":"es_ES","og_type":"article","og_title":"Solicita La Mora | Periodismo Agroalimentario","og_description":"Solicita tu ejemplar La Mora El libro de mIGUEL \u00c1ngel mAINAR Solicita tu ejemplar LA MORA. UNA FUENTE, MUCHAS VIDAS \u00bfTienen algo en com\u00fan el agua y el vino? M\u00e1s de lo que parece, como se puede comprobar en la Fuente de la Mora, de la que un d\u00eda al a\u00f1o mana vino en vez [&hellip;]","og_url":"https:\/\/periodismoagroalimentario.com\/pruebas\/la-mora\/","og_site_name":"Periodismo Agroalimentario","article_modified_time":"2026-04-07T12:54:22+00:00","og_image":[{"url":"http:\/\/periodismoagroalimentario.com\/pruebas\/wp-content\/uploads\/2026\/03\/diseno-editorial-la-mora-portada.webp"}],"twitter_misc":{"Tiempo de lectura":"3 minutos"},"schema":{"@context":"https:\/\/schema.org","@graph":[{"@type":"WebPage","@id":"https:\/\/periodismoagroalimentario.com\/pruebas\/la-mora\/","url":"https:\/\/periodismoagroalimentario.com\/pruebas\/la-mora\/","name":"Solicita La Mora | Periodismo Agroalimentario","isPartOf":{"@id":"https:\/\/periodismoagroalimentario.com\/pruebas\/#website"},"datePublished":"2026-04-07T12:13:54+00:00","dateModified":"2026-04-07T12:54:22+00:00","breadcrumb":{"@id":"https:\/\/periodismoagroalimentario.com\/pruebas\/la-mora\/#breadcrumb"},"inLanguage":"es","potentialAction":[{"@type":"ReadAction","target":["https:\/\/periodismoagroalimentario.com\/pruebas\/la-mora\/"]}]},{"@type":"BreadcrumbList","@id":"https:\/\/periodismoagroalimentario.com\/pruebas\/la-mora\/#breadcrumb","itemListElement":[{"@type":"ListItem","position":1,"name":"Solicita La Mora"}]},{"@type":"WebSite","@id":"https:\/\/periodismoagroalimentario.com\/pruebas\/#website","url":"https:\/\/periodismoagroalimentario.com\/pruebas\/","name":"Periodismo Agroalimentario","description":"Periodismo Agroalimentario es un blog de informaci\u00f3n pero sobre todo de reflexi\u00f3n sobre periodismo y comunicaci\u00f3n en el \u00e1mbito agroalimentario.","publisher":{"@id":"https:\/\/periodismoagroalimentario.com\/pruebas\/#\/schema\/person\/7c29aa6c3e7283954a55de87e1049453"},"potentialAction":[{"@type":"SearchAction","target":{"@type":"EntryPoint","urlTemplate":"https:\/\/periodismoagroalimentario.com\/pruebas\/?s={search_term_string}"},"query-input":"required name=search_term_string"}],"inLanguage":"es"},{"@type":["Person","Organization"],"@id":"https:\/\/periodismoagroalimentario.com\/pruebas\/#\/schema\/person\/7c29aa6c3e7283954a55de87e1049453","name":"Miguel \u00c1ngel Mainar Jaime","image":{"@type":"ImageObject","inLanguage":"es","@id":"https:\/\/periodismoagroalimentario.com\/pruebas\/#\/schema\/person\/image\/","url":"https:\/\/periodismoagroalimentario.com\/pruebas\/wp-content\/uploads\/2026\/03\/Peagro-horizontal_verde.svg","contentUrl":"https:\/\/periodismoagroalimentario.com\/pruebas\/wp-content\/uploads\/2026\/03\/Peagro-horizontal_verde.svg","width":854,"height":258,"caption":"Miguel \u00c1ngel Mainar Jaime"},"logo":{"@id":"https:\/\/periodismoagroalimentario.com\/pruebas\/#\/schema\/person\/image\/"},"sameAs":["http:\/\/periodismoagroalimentario.com\/pruebas","https:\/\/twitter.com\/PEAGRO"]}]}},"uagb_featured_image_src":{"full":false,"thumbnail":false,"medium":false,"medium_large":false,"large":false,"1536x1536":false,"2048x2048":false,"woocommerce_thumbnail":false,"woocommerce_single":false,"woocommerce_gallery_thumbnail":false},"uagb_author_info":{"display_name":"Mique","author_link":"https:\/\/periodismoagroalimentario.com\/pruebas\/author\/mique\/"},"uagb_comment_info":0,"uagb_excerpt":"Solicita tu ejemplar La Mora El libro de mIGUEL \u00c1ngel mAINAR Solicita tu ejemplar LA MORA. UNA FUENTE, MUCHAS VIDAS \u00bfTienen algo en com\u00fan el agua y el vino? M\u00e1s de lo que parece, como se puede comprobar en la Fuente de la Mora, de la que un d\u00eda al a\u00f1o mana vino en vez&hellip;","_links":{"self":[{"href":"https:\/\/periodismoagroalimentario.com\/pruebas\/wp-json\/wp\/v2\/pages\/4584","targetHints":{"allow":["GET"]}}],"collection":[{"href":"https:\/\/periodismoagroalimentario.com\/pruebas\/wp-json\/wp\/v2\/pages"}],"about":[{"href":"https:\/\/periodismoagroalimentario.com\/pruebas\/wp-json\/wp\/v2\/types\/page"}],"author":[{"embeddable":true,"href":"https:\/\/periodismoagroalimentario.com\/pruebas\/wp-json\/wp\/v2\/users\/6"}],"replies":[{"embeddable":true,"href":"https:\/\/periodismoagroalimentario.com\/pruebas\/wp-json\/wp\/v2\/comments?post=4584"}],"version-history":[{"count":7,"href":"https:\/\/periodismoagroalimentario.com\/pruebas\/wp-json\/wp\/v2\/pages\/4584\/revisions"}],"predecessor-version":[{"id":4594,"href":"https:\/\/periodismoagroalimentario.com\/pruebas\/wp-json\/wp\/v2\/pages\/4584\/revisions\/4594"}],"wp:attachment":[{"href":"https:\/\/periodismoagroalimentario.com\/pruebas\/wp-json\/wp\/v2\/media?parent=4584"}],"curies":[{"name":"wp","href":"https:\/\/api.w.org\/{rel}","templated":true}]}}